{"id":796,"date":"2023-07-28T08:51:07","date_gmt":"2023-07-28T08:51:07","guid":{"rendered":"https:\/\/pre.scenicrights.com\/teatro\/"},"modified":"2023-11-21T13:12:46","modified_gmt":"2023-11-21T13:12:46","slug":"theater","status":"publish","type":"page","link":"https:\/\/www.scenicrights.com\/en\/theater\/","title":{"rendered":"Theater"},"content":{"rendered":"\n<div class=\"wp-block-cover alignfull has-custom-content-position is-position-bottom-center hero inner-container-alignwide wp-duotone-000000-0a65c2-1\" style=\"padding-top:200px;padding-bottom:24px;min-height:326px;aspect-ratio:unset;\"><span aria-hidden=\"true\" class=\"wp-block-cover__background has-primary-background-color has-background-dim-100 has-background-dim\"><\/span><div class=\"wp-block-cover__inner-container has-global-padding is-layout-constrained wp-block-cover-is-layout-constrained\">\n<div class=\"wp-block-group has-global-padding is-content-justification-left is-layout-constrained wp-container-core-group-is-layout-b45bb346 wp-block-group-is-layout-constrained\">\n<div class=\"wp-block-group is-vertical is-layout-flex wp-container-core-group-is-layout-4b827052 wp-block-group-is-layout-flex\">\n<p class=\"overline has-foreground-color has-text-color\">Theater<\/p>\n\n\n<h1 style=\"line-height:1;text-transform:uppercase;\" class=\"wp-block-post-title has-text-color has-background-color has-xx-large-font-size has-primary-font-family\">Theater<\/h1><\/div>\n<\/div>\n<\/div><\/div>\n\n<div class=\"wp-block-group block-section has-global-padding is-layout-constrained wp-container-core-group-is-layout-588e6013 wp-block-group-is-layout-constrained\">\n<p class=\"has-text-align-center has-medium-large-font-size\">Scenic Rights, founded more than two decades ago, is the leading theater agency in Spain by business volume.<\/p>\n\n\n\n<p class=\"has-text-align-center\">We manage an extensive list of theatrical texts by the main Spanish and foreign authors for theatrical production, with more than 15 large productions per year for the main theaters in Spain and Europe.<\/p>\n<\/div>\n\n<div class=\"wp-block-group block-section has-global-padding is-layout-constrained wp-block-group-is-layout-constrained\">\n<h2 class=\"wp-block-heading has-text-align-center has-medium-large-font-size\">Released works<\/h2>\n\n\n<section id=\"cpt-query-block_858ccc9a91be0f9e430e528e7c8ed94b\" class=\"articulo-list-block disable-click-for-preview\">\n\n\n\n    \n    <div class=\"articulo-list items-size-large row align-left\">\n            <div class=\"articulo-item disable-click-for-preview\">\n    \n<img loading=\"lazy\" decoding=\"async\" width=\"718\" height=\"1024\" src=\"https:\/\/www.scenicrights.com\/wp-content\/uploads\/2025\/10\/Mesa_de_trabajo_4.jpg\" class=\"attachment-large size-large\" alt=\"\" srcset=\"https:\/\/www.scenicrights.com\/wp-content\/uploads\/2025\/10\/Mesa_de_trabajo_4.jpg 722w, https:\/\/www.scenicrights.com\/wp-content\/uploads\/2025\/10\/Mesa_de_trabajo_4-210x300.jpg 210w\" sizes=\"auto, (max-width: 718px) 100vw, 718px\" \/>        <div class=\"title has-foreground-color\">\n            Memorias de Adriano        <\/div>\n                    <div class=\"extracto\">\n                <p>Texto de Marguerite Yourcenar.<\/p>\r\n<p>Direcci\u00f3n de Beatriz Ja\u00e9n.<\/p>            <\/div>\n        \n\n            <\/div>\n    <div class=\"articulo-item disable-click-for-preview\">\n    \n<img loading=\"lazy\" decoding=\"async\" width=\"592\" height=\"839\" src=\"https:\/\/www.scenicrights.com\/wp-content\/uploads\/2025\/10\/tirant-lo-blanc-grup-focus.png\" class=\"attachment-large size-large\" alt=\"\" srcset=\"https:\/\/www.scenicrights.com\/wp-content\/uploads\/2025\/10\/tirant-lo-blanc-grup-focus.png 592w, https:\/\/www.scenicrights.com\/wp-content\/uploads\/2025\/10\/tirant-lo-blanc-grup-focus-212x300.png 212w\" sizes=\"auto, (max-width: 592px) 100vw, 592px\" \/>        <div class=\"title has-foreground-color\">\n            Tirant lo Blanc        <\/div>\n                    <div class=\"extracto\">\n                <p>Texto de M\u00e0rius Serra (a partir del cl\u00e1sico de Joanot Martorell).<\/p>\r\n<p>Direcci\u00f3n de Joan Arqu\u00e9.<\/p>            <\/div>\n        \n\n            <\/div>\n    <div class=\"articulo-item disable-click-for-preview\">\n    \n<img loading=\"lazy\" decoding=\"async\" width=\"718\" height=\"1024\" src=\"https:\/\/www.scenicrights.com\/wp-content\/uploads\/2025\/10\/cartellweb_focus_722x1030_gegant_nou.jpg\" class=\"attachment-large size-large\" alt=\"\" srcset=\"https:\/\/www.scenicrights.com\/wp-content\/uploads\/2025\/10\/cartellweb_focus_722x1030_gegant_nou.jpg 722w, https:\/\/www.scenicrights.com\/wp-content\/uploads\/2025\/10\/cartellweb_focus_722x1030_gegant_nou-210x300.jpg 210w\" sizes=\"auto, (max-width: 718px) 100vw, 718px\" \/>        <div class=\"title has-foreground-color\">\n            Gegant        <\/div>\n                    <div class=\"extracto\">\n                <p>Texto de Mark Rosenblatt.<\/p>\r\n<p>Direcci\u00f3n de Josep Maria Mestres.<\/p>            <\/div>\n        \n\n            <\/div>\n    <div class=\"articulo-item disable-click-for-preview\">\n    \n<img loading=\"lazy\" decoding=\"async\" width=\"718\" height=\"1024\" src=\"https:\/\/www.scenicrights.com\/wp-content\/uploads\/2025\/10\/Cartell_web_722x1030-1.jpg\" class=\"attachment-large size-large\" alt=\"\" srcset=\"https:\/\/www.scenicrights.com\/wp-content\/uploads\/2025\/10\/Cartell_web_722x1030-1.jpg 722w, https:\/\/www.scenicrights.com\/wp-content\/uploads\/2025\/10\/Cartell_web_722x1030-1-210x300.jpg 210w\" sizes=\"auto, (max-width: 718px) 100vw, 718px\" \/>        <div class=\"title has-foreground-color\">\n            El favor        <\/div>\n                    <div class=\"extracto\">\n                <p>Texto de Susana Garachana.<\/p>\r\n<p>Direcci\u00f3n de Xavier Ricart.<\/p>            <\/div>\n        \n\n            <\/div>\n    <div class=\"articulo-item disable-click-for-preview\">\n    \n<img loading=\"lazy\" decoding=\"async\" width=\"718\" height=\"1024\" src=\"https:\/\/www.scenicrights.com\/wp-content\/uploads\/2025\/10\/Cartell_Web_722x1030.jpg\" class=\"attachment-large size-large\" alt=\"\" srcset=\"https:\/\/www.scenicrights.com\/wp-content\/uploads\/2025\/10\/Cartell_Web_722x1030.jpg 722w, https:\/\/www.scenicrights.com\/wp-content\/uploads\/2025\/10\/Cartell_Web_722x1030-210x300.jpg 210w\" sizes=\"auto, (max-width: 718px) 100vw, 718px\" \/>        <div class=\"title has-foreground-color\">\n            El cuarto de atr\u00e1s        <\/div>\n                    <div class=\"extracto\">\n                <p>Texto de Carmen Mart\u00edn Gaite.<\/p>\r\n<p>Adaptaci\u00f3n de Mar\u00eda Folguera.<\/p>\r\n<p>Direcci\u00f3n de Rakel Camacho.<\/p>            <\/div>\n        \n\n            <\/div>\n    <div class=\"articulo-item disable-click-for-preview\">\n    \n<img loading=\"lazy\" decoding=\"async\" width=\"724\" height=\"1024\" src=\"https:\/\/www.scenicrights.com\/wp-content\/uploads\/2025\/10\/CARTEL-EL-HILO-INVISIBLE-MUSICAL.-TEATRO-ALCAZAR-MADRID-1124x1589-1.jpg\" class=\"attachment-large size-large\" alt=\"\" srcset=\"https:\/\/www.scenicrights.com\/wp-content\/uploads\/2025\/10\/CARTEL-EL-HILO-INVISIBLE-MUSICAL.-TEATRO-ALCAZAR-MADRID-1124x1589-1.jpg 1124w, https:\/\/www.scenicrights.com\/wp-content\/uploads\/2025\/10\/CARTEL-EL-HILO-INVISIBLE-MUSICAL.-TEATRO-ALCAZAR-MADRID-1124x1589-1-212x300.jpg 212w, https:\/\/www.scenicrights.com\/wp-content\/uploads\/2025\/10\/CARTEL-EL-HILO-INVISIBLE-MUSICAL.-TEATRO-ALCAZAR-MADRID-1124x1589-1-800x1131.jpg 800w, https:\/\/www.scenicrights.com\/wp-content\/uploads\/2025\/10\/CARTEL-EL-HILO-INVISIBLE-MUSICAL.-TEATRO-ALCAZAR-MADRID-1124x1589-1-1087x1536.jpg 1087w\" sizes=\"auto, (max-width: 724px) 100vw, 724px\" \/>        <div class=\"title has-foreground-color\">\n            EL HILO INVISIBLE, el musical        <\/div>\n                    <div class=\"extracto\">\n                <p>M\u00fasica de V\u00edctor Arbelo y Al\u00edcia Serrat.<\/p>\r\n<p>Letras de Daniel Angl\u00e8s, V\u00edctor Arbelo y Al\u00edcia Serrat.<\/p>\r\n<p>Direcci\u00f3n y texto de Al\u00edcia Serrat.<\/p>            <\/div>\n        \n\n            <\/div>\n    <div class=\"articulo-item disable-click-for-preview\">\n    \n<img loading=\"lazy\" decoding=\"async\" width=\"626\" height=\"889\" src=\"https:\/\/www.scenicrights.com\/wp-content\/uploads\/2025\/10\/Un-dios-salvaje-focus.png\" class=\"attachment-large size-large\" alt=\"\" srcset=\"https:\/\/www.scenicrights.com\/wp-content\/uploads\/2025\/10\/Un-dios-salvaje-focus.png 626w, https:\/\/www.scenicrights.com\/wp-content\/uploads\/2025\/10\/Un-dios-salvaje-focus-211x300.png 211w\" sizes=\"auto, (max-width: 626px) 100vw, 626px\" \/>        <div class=\"title has-foreground-color\">\n            Un dios salvaje        <\/div>\n                    <div class=\"extracto\">\n                <p>Texto de Yasmina Reza.<\/p>\r\n<p>Direcci\u00f3n de Tamzin Townsend.<\/p>             <\/div>\n        \n\n            <\/div>\n    <div class=\"articulo-item disable-click-for-preview\">\n    \n<img loading=\"lazy\" decoding=\"async\" width=\"718\" height=\"1024\" src=\"https:\/\/www.scenicrights.com\/wp-content\/uploads\/2025\/10\/Cartell_web_722x1030_GDS.jpg\" class=\"attachment-large size-large\" alt=\"\" srcset=\"https:\/\/www.scenicrights.com\/wp-content\/uploads\/2025\/10\/Cartell_web_722x1030_GDS.jpg 722w, https:\/\/www.scenicrights.com\/wp-content\/uploads\/2025\/10\/Cartell_web_722x1030_GDS-210x300.jpg 210w\" sizes=\"auto, (max-width: 718px) 100vw, 718px\" \/>        <div class=\"title has-foreground-color\">\n            Germans de Sang        <\/div>\n                    <div class=\"extracto\">\n                <p>Libreto, m\u00fasica y letras de Willy Russell.<\/p>\r\n<p>Direcci\u00f3n de Daniel Angl\u00e8s.<\/p>            <\/div>\n        \n\n            <\/div>\n    <div class=\"articulo-item disable-click-for-preview\">\n    \n<img loading=\"lazy\" decoding=\"async\" width=\"724\" height=\"1024\" src=\"https:\/\/www.scenicrights.com\/wp-content\/uploads\/2025\/10\/una-madre-de-pelicula-1-scaled-1-1124x1590.jpg\" class=\"attachment-large size-large\" alt=\"\" srcset=\"https:\/\/www.scenicrights.com\/wp-content\/uploads\/2025\/10\/una-madre-de-pelicula-1-scaled-1-1124x1590.jpg 1124w, https:\/\/www.scenicrights.com\/wp-content\/uploads\/2025\/10\/una-madre-de-pelicula-1-scaled-1-212x300.jpg 212w, https:\/\/www.scenicrights.com\/wp-content\/uploads\/2025\/10\/una-madre-de-pelicula-1-scaled-1-800x1131.jpg 800w, https:\/\/www.scenicrights.com\/wp-content\/uploads\/2025\/10\/una-madre-de-pelicula-1-scaled-1-1086x1536.jpg 1086w, https:\/\/www.scenicrights.com\/wp-content\/uploads\/2025\/10\/una-madre-de-pelicula-1-scaled-1-1448x2048.jpg 1448w, https:\/\/www.scenicrights.com\/wp-content\/uploads\/2025\/10\/una-madre-de-pelicula-1-scaled-1-1500x2122.jpg 1500w, https:\/\/www.scenicrights.com\/wp-content\/uploads\/2025\/10\/una-madre-de-pelicula-1-scaled-1.jpg 1810w\" sizes=\"auto, (max-width: 724px) 100vw, 724px\" \/>        <div class=\"title has-foreground-color\">\n            Una madre de pel\u00edcula        <\/div>\n                    <div class=\"extracto\">\n                <p>Direcci\u00f3n y texto de Juan Carlos Rubio.<\/p>            <\/div>\n        \n\n            <\/div>\n    <div class=\"articulo-item disable-click-for-preview\">\n    \n<img loading=\"lazy\" decoding=\"async\" width=\"718\" height=\"1024\" src=\"https:\/\/www.scenicrights.com\/wp-content\/uploads\/2025\/10\/04bis_Cartell_Web_Focus_722x1030.jpg\" class=\"attachment-large size-large\" alt=\"\" srcset=\"https:\/\/www.scenicrights.com\/wp-content\/uploads\/2025\/10\/04bis_Cartell_Web_Focus_722x1030.jpg 722w, https:\/\/www.scenicrights.com\/wp-content\/uploads\/2025\/10\/04bis_Cartell_Web_Focus_722x1030-210x300.jpg 210w\" sizes=\"auto, (max-width: 718px) 100vw, 718px\" \/>        <div class=\"title has-foreground-color\">\n            Un matrimoni de Boston        <\/div>\n                    <div class=\"extracto\">\n                <p>Texto de David Mamet.<\/p>\r\n<p>Direcci\u00f3n de Josep Maria Mestres.<\/p>            <\/div>\n        \n\n            <\/div>\n    <div class=\"articulo-item disable-click-for-preview\">\n    \n<img loading=\"lazy\" decoding=\"async\" width=\"670\" height=\"1024\" src=\"https:\/\/www.scenicrights.com\/wp-content\/uploads\/2025\/10\/Cartell-web-america-la-villarroel.jpg\" class=\"attachment-large size-large\" alt=\"\" srcset=\"https:\/\/www.scenicrights.com\/wp-content\/uploads\/2025\/10\/Cartell-web-america-la-villarroel.jpg 720w, https:\/\/www.scenicrights.com\/wp-content\/uploads\/2025\/10\/Cartell-web-america-la-villarroel-196x300.jpg 196w\" sizes=\"auto, (max-width: 670px) 100vw, 670px\" \/>        <div class=\"title has-foreground-color\">\n            Am\u00e8rica        <\/div>\n                    <div class=\"extracto\">\n                <p>Texto de Sergi Pompermayer.<\/p>\r\n<p>Direcci\u00f3n de Julio Manrique.<\/p>            <\/div>\n        \n\n            <\/div>\n    <div class=\"articulo-item disable-click-for-preview\">\n    \n<img loading=\"lazy\" decoding=\"async\" width=\"718\" height=\"1024\" src=\"https:\/\/www.scenicrights.com\/wp-content\/uploads\/2025\/10\/Cartell_web_focus.jpg\" class=\"attachment-large size-large\" alt=\"\" srcset=\"https:\/\/www.scenicrights.com\/wp-content\/uploads\/2025\/10\/Cartell_web_focus.jpg 722w, https:\/\/www.scenicrights.com\/wp-content\/uploads\/2025\/10\/Cartell_web_focus-210x300.jpg 210w\" sizes=\"auto, (max-width: 718px) 100vw, 718px\" \/>        <div class=\"title has-foreground-color\">\n            Un sogre de lloguer        <\/div>\n                    <div class=\"extracto\">\n                <p>Texto de Susanna Garachana y Jaume Vi\u00f1as\u202f.<\/p>\r\n<p>Direcci\u00f3n de Daniel Angl\u00e8s\u202f.<\/p>            <\/div>\n        \n\n            <\/div>\n    <div class=\"articulo-item disable-click-for-preview\">\n    \n<img loading=\"lazy\" decoding=\"async\" width=\"718\" height=\"1024\" src=\"https:\/\/www.scenicrights.com\/wp-content\/uploads\/2025\/10\/5-Cartell_web_Focus_722x1030_copiaVANYA.jpg\" class=\"attachment-large size-large\" alt=\"\" srcset=\"https:\/\/www.scenicrights.com\/wp-content\/uploads\/2025\/10\/5-Cartell_web_Focus_722x1030_copiaVANYA.jpg 722w, https:\/\/www.scenicrights.com\/wp-content\/uploads\/2025\/10\/5-Cartell_web_Focus_722x1030_copiaVANYA-210x300.jpg 210w\" sizes=\"auto, (max-width: 718px) 100vw, 718px\" \/>        <div class=\"title has-foreground-color\">\n            V\u00e0nia        <\/div>\n                    <div class=\"extracto\">\n                <p>Texto de Simon Stephens.<\/p>\r\n<p>Direcci\u00f3n de Nelson Valente.<\/p>            <\/div>\n        \n\n            <\/div>\n    <div class=\"articulo-item disable-click-for-preview\">\n    \n<img loading=\"lazy\" decoding=\"async\" width=\"718\" height=\"1024\" src=\"https:\/\/www.scenicrights.com\/wp-content\/uploads\/2025\/10\/5-Cartell_web_Focus_722x1030.jpg\" class=\"attachment-large size-large\" alt=\"\" srcset=\"https:\/\/www.scenicrights.com\/wp-content\/uploads\/2025\/10\/5-Cartell_web_Focus_722x1030.jpg 722w, https:\/\/www.scenicrights.com\/wp-content\/uploads\/2025\/10\/5-Cartell_web_Focus_722x1030-210x300.jpg 210w\" sizes=\"auto, (max-width: 718px) 100vw, 718px\" \/>        <div class=\"title has-foreground-color\">\n            Una bufetada a temps        <\/div>\n                    <div class=\"extracto\">\n                <p>Direcci\u00f3n y texto de Marta Buchaca.<\/p>            <\/div>\n        \n\n            <\/div>\n    <div class=\"articulo-item disable-click-for-preview\">\n    \n<img loading=\"lazy\" decoding=\"async\" width=\"718\" height=\"1024\" src=\"https:\/\/www.scenicrights.com\/wp-content\/uploads\/2025\/10\/04bis_Cartell_Web_Focus_722x1030_3.jpg\" class=\"attachment-large size-large\" alt=\"\" srcset=\"https:\/\/www.scenicrights.com\/wp-content\/uploads\/2025\/10\/04bis_Cartell_Web_Focus_722x1030_3.jpg 722w, https:\/\/www.scenicrights.com\/wp-content\/uploads\/2025\/10\/04bis_Cartell_Web_Focus_722x1030_3-210x300.jpg 210w\" sizes=\"auto, (max-width: 718px) 100vw, 718px\" \/>        <div class=\"title has-foreground-color\">\n            La gram\u00e1tica        <\/div>\n                    <div class=\"extracto\">\n                <p>Direcci\u00f3n y texto de Ernesto Caballero.<\/p>            <\/div>\n        \n\n            <\/div>\n\n    <\/div>\n\n <div class=\"pagination\"><span aria-current=\"page\" class=\"page-numbers current\">1<\/span>\n<a class=\"page-numbers\" href=\"https:\/\/www.scenicrights.com\/en\/wp-json\/wp\/v2\/pages\/796\/page\/2\/\">2<\/a>\n<a class=\"page-numbers\" href=\"https:\/\/www.scenicrights.com\/en\/wp-json\/wp\/v2\/pages\/796\/page\/3\/\">3<\/a>\n<a class=\"page-numbers\" href=\"https:\/\/www.scenicrights.com\/en\/wp-json\/wp\/v2\/pages\/796\/page\/4\/\">4<\/a>\n<a class=\"next page-numbers\" href=\"https:\/\/www.scenicrights.com\/en\/wp-json\/wp\/v2\/pages\/796\/page\/2\/\">Next &raquo;<\/a> <\/div>\n\n\n<\/section><\/div>\n\n<div class=\"wp-block-group has-foreground-background-color has-background has-global-padding is-layout-constrained wp-block-group-is-layout-constrained\">\n<div class=\"wp-block-group block-cta is-vertical is-content-justification-left is-layout-flex wp-container-core-group-is-layout-773cd67a wp-block-group-is-layout-flex\" style=\"padding-top:60px;padding-right:20px;padding-bottom:60px;padding-left:20px\">\n<h2 class=\"wp-block-heading has-text-align-left has-background-color has-text-color has-xx-large-font-size\">How to acquire rights?<\/h2>\n\n\n\n<div class=\"wp-block-group vertical-for-small-only is-content-justification-space-between is-nowrap is-layout-flex wp-container-core-group-is-layout-15a05b0a wp-block-group-is-layout-flex\">\n<p class=\"has-text-align-left has-background-color has-text-color has-medium-large-font-size\">If you are interested in acquiring the rights to a work, complete the following form and we will contact you shortly.<\/p>\n\n\n\n\n<a href=\"https:\/\/www.scenicrights.com\/en\/contact\/\" target=\"_self\" id=\"button-block_3c632ce16b298d9d6224b72b4dc707f5\" class=\"button aligncenter default large default\">\nContact\n\n<\/a><\/div>\n<\/div>\n<\/div>\n","protected":false},"excerpt":{"rendered":"<p>Scenic Rights, founded more than two decades ago, is the leading theater agency in Spain by business volume. We manage an extensive list of theatrical texts [&hellip;]<\/p>\n","protected":false},"author":1,"featured_media":0,"parent":0,"menu_order":0,"comment_status":"closed","ping_status":"closed","template":"","meta":{"_acf_changed":false,"_editorskit_title_hidden":false,"_editorskit_reading_time":0,"_editorskit_is_block_options_detached":false,"_editorskit_block_options_position":"{}","footnotes":""},"class_list":["post-796","page","type-page","status-publish","hentry"],"acf":[],"yoast_head":"<!-- This site is optimized with the Yoast SEO plugin v27.4 - https:\/\/yoast.com\/product\/yoast-seo-wordpress\/ -->\n<title>Theater - Scenic\u00a0Rights<\/title>\n<meta name=\"robots\" content=\"index, follow, max-snippet:-1, max-image-preview:large, max-video-preview:-1\" \/>\n<link rel=\"canonical\" href=\"https:\/\/www.scenicrights.com\/en\/theater\/\" \/>\n<meta property=\"og:locale\" content=\"en_US\" \/>\n<meta property=\"og:type\" content=\"article\" \/>\n<meta property=\"og:title\" content=\"Theater - Scenic\u00a0Rights\" \/>\n<meta property=\"og:description\" content=\"Scenic Rights, founded more than two decades ago, is the leading theater agency in Spain by business volume. We manage an extensive list of theatrical texts [&hellip;]\" \/>\n<meta property=\"og:url\" content=\"https:\/\/www.scenicrights.com\/en\/theater\/\" \/>\n<meta property=\"og:site_name\" content=\"Scenic\u00a0Rights\" \/>\n<meta property=\"article:modified_time\" content=\"2023-11-21T13:12:46+00:00\" \/>\n<meta name=\"twitter:card\" content=\"summary_large_image\" \/>\n<script type=\"application\/ld+json\" class=\"yoast-schema-graph\">{\"@context\":\"https:\\\/\\\/schema.org\",\"@graph\":[{\"@type\":\"WebPage\",\"@id\":\"https:\\\/\\\/www.scenicrights.com\\\/en\\\/theater\\\/\",\"url\":\"https:\\\/\\\/www.scenicrights.com\\\/en\\\/theater\\\/\",\"name\":\"Theater - Scenic\u00a0Rights\",\"isPartOf\":{\"@id\":\"https:\\\/\\\/www.scenicrights.com\\\/en\\\/#website\"},\"datePublished\":\"2023-07-28T08:51:07+00:00\",\"dateModified\":\"2023-11-21T13:12:46+00:00\",\"breadcrumb\":{\"@id\":\"https:\\\/\\\/www.scenicrights.com\\\/en\\\/theater\\\/#breadcrumb\"},\"inLanguage\":\"en-US\",\"potentialAction\":[{\"@type\":\"ReadAction\",\"target\":[\"https:\\\/\\\/www.scenicrights.com\\\/en\\\/theater\\\/\"]}]},{\"@type\":\"BreadcrumbList\",\"@id\":\"https:\\\/\\\/www.scenicrights.com\\\/en\\\/theater\\\/#breadcrumb\",\"itemListElement\":[{\"@type\":\"ListItem\",\"position\":1,\"name\":\"Home\",\"item\":\"https:\\\/\\\/www.scenicrights.com\\\/en\\\/\"},{\"@type\":\"ListItem\",\"position\":2,\"name\":\"Theater\"}]},{\"@type\":\"WebSite\",\"@id\":\"https:\\\/\\\/www.scenicrights.com\\\/en\\\/#website\",\"url\":\"https:\\\/\\\/www.scenicrights.com\\\/en\\\/\",\"name\":\"Scenic\u00a0Rights\",\"description\":\"\",\"publisher\":{\"@id\":\"https:\\\/\\\/www.scenicrights.com\\\/en\\\/#organization\"},\"potentialAction\":[{\"@type\":\"SearchAction\",\"target\":{\"@type\":\"EntryPoint\",\"urlTemplate\":\"https:\\\/\\\/www.scenicrights.com\\\/en\\\/?s={search_term_string}\"},\"query-input\":{\"@type\":\"PropertyValueSpecification\",\"valueRequired\":true,\"valueName\":\"search_term_string\"}}],\"inLanguage\":\"en-US\"},{\"@type\":\"Organization\",\"@id\":\"https:\\\/\\\/www.scenicrights.com\\\/en\\\/#organization\",\"name\":\"Scenic\u00a0Rights\",\"url\":\"https:\\\/\\\/www.scenicrights.com\\\/en\\\/\",\"logo\":{\"@type\":\"ImageObject\",\"inLanguage\":\"en-US\",\"@id\":\"https:\\\/\\\/www.scenicrights.com\\\/en\\\/#\\\/schema\\\/logo\\\/image\\\/\",\"url\":\"https:\\\/\\\/www.scenicrights.com\\\/wp-content\\\/uploads\\\/2023\\\/07\\\/logo-horizontal-web.png\",\"contentUrl\":\"https:\\\/\\\/www.scenicrights.com\\\/wp-content\\\/uploads\\\/2023\\\/07\\\/logo-horizontal-web.png\",\"width\":644,\"height\":225,\"caption\":\"Scenic\u00a0Rights\"},\"image\":{\"@id\":\"https:\\\/\\\/www.scenicrights.com\\\/en\\\/#\\\/schema\\\/logo\\\/image\\\/\"}}]}<\/script>\n<!-- \/ Yoast SEO plugin. -->","yoast_head_json":{"title":"Theater - Scenic\u00a0Rights","robots":{"index":"index","follow":"follow","max-snippet":"max-snippet:-1","max-image-preview":"max-image-preview:large","max-video-preview":"max-video-preview:-1"},"canonical":"https:\/\/www.scenicrights.com\/en\/theater\/","og_locale":"en_US","og_type":"article","og_title":"Theater - Scenic\u00a0Rights","og_description":"Scenic Rights, founded more than two decades ago, is the leading theater agency in Spain by business volume. We manage an extensive list of theatrical texts [&hellip;]","og_url":"https:\/\/www.scenicrights.com\/en\/theater\/","og_site_name":"Scenic\u00a0Rights","article_modified_time":"2023-11-21T13:12:46+00:00","twitter_card":"summary_large_image","schema":{"@context":"https:\/\/schema.org","@graph":[{"@type":"WebPage","@id":"https:\/\/www.scenicrights.com\/en\/theater\/","url":"https:\/\/www.scenicrights.com\/en\/theater\/","name":"Theater - Scenic\u00a0Rights","isPartOf":{"@id":"https:\/\/www.scenicrights.com\/en\/#website"},"datePublished":"2023-07-28T08:51:07+00:00","dateModified":"2023-11-21T13:12:46+00:00","breadcrumb":{"@id":"https:\/\/www.scenicrights.com\/en\/theater\/#breadcrumb"},"inLanguage":"en-US","potentialAction":[{"@type":"ReadAction","target":["https:\/\/www.scenicrights.com\/en\/theater\/"]}]},{"@type":"BreadcrumbList","@id":"https:\/\/www.scenicrights.com\/en\/theater\/#breadcrumb","itemListElement":[{"@type":"ListItem","position":1,"name":"Home","item":"https:\/\/www.scenicrights.com\/en\/"},{"@type":"ListItem","position":2,"name":"Theater"}]},{"@type":"WebSite","@id":"https:\/\/www.scenicrights.com\/en\/#website","url":"https:\/\/www.scenicrights.com\/en\/","name":"Scenic\u00a0Rights","description":"","publisher":{"@id":"https:\/\/www.scenicrights.com\/en\/#organization"},"potentialAction":[{"@type":"SearchAction","target":{"@type":"EntryPoint","urlTemplate":"https:\/\/www.scenicrights.com\/en\/?s={search_term_string}"},"query-input":{"@type":"PropertyValueSpecification","valueRequired":true,"valueName":"search_term_string"}}],"inLanguage":"en-US"},{"@type":"Organization","@id":"https:\/\/www.scenicrights.com\/en\/#organization","name":"Scenic\u00a0Rights","url":"https:\/\/www.scenicrights.com\/en\/","logo":{"@type":"ImageObject","inLanguage":"en-US","@id":"https:\/\/www.scenicrights.com\/en\/#\/schema\/logo\/image\/","url":"https:\/\/www.scenicrights.com\/wp-content\/uploads\/2023\/07\/logo-horizontal-web.png","contentUrl":"https:\/\/www.scenicrights.com\/wp-content\/uploads\/2023\/07\/logo-horizontal-web.png","width":644,"height":225,"caption":"Scenic\u00a0Rights"},"image":{"@id":"https:\/\/www.scenicrights.com\/en\/#\/schema\/logo\/image\/"}}]}},"_links":{"self":[{"href":"https:\/\/www.scenicrights.com\/en\/wp-json\/wp\/v2\/pages\/796","targetHints":{"allow":["GET"]}}],"collection":[{"href":"https:\/\/www.scenicrights.com\/en\/wp-json\/wp\/v2\/pages"}],"about":[{"href":"https:\/\/www.scenicrights.com\/en\/wp-json\/wp\/v2\/types\/page"}],"author":[{"embeddable":true,"href":"https:\/\/www.scenicrights.com\/en\/wp-json\/wp\/v2\/users\/1"}],"replies":[{"embeddable":true,"href":"https:\/\/www.scenicrights.com\/en\/wp-json\/wp\/v2\/comments?post=796"}],"version-history":[{"count":0,"href":"https:\/\/www.scenicrights.com\/en\/wp-json\/wp\/v2\/pages\/796\/revisions"}],"wp:attachment":[{"href":"https:\/\/www.scenicrights.com\/en\/wp-json\/wp\/v2\/media?parent=796"}],"curies":[{"name":"wp","href":"https:\/\/api.w.org\/{rel}","templated":true}]}}